{"id":2376,"date":"2026-02-16T15:29:26","date_gmt":"2026-02-16T18:29:26","guid":{"rendered":"https:\/\/npdesign.com.br\/?page_id=2376"},"modified":"2026-02-16T16:20:49","modified_gmt":"2026-02-16T19:20:49","slug":"trio-arque","status":"publish","type":"page","link":"https:\/\/npdesign.com.br\/?page_id=2376","title":{"rendered":"TRIO ARQU\u00c9"},"content":{"rendered":"\t\t<div data-elementor-type=\"wp-page\" data-elementor-id=\"2376\" class=\"elementor elementor-2376\">\n\t\t\t\t\t\t<div class=\"elementor-inner\">\n\t\t\t\t<div class=\"elementor-section-wrap\">\n\t\t\t\t\t\t\t\t\t<section class=\"elementor-section elementor-top-section elementor-element elementor-element-7699934 elementor-section-boxed elementor-section-height-default elementor-section-height-default\" data-id=\"7699934\" data-element_type=\"section\">\n\t\t\t\t\t\t<div class=\"elementor-container elementor-column-gap-default\">\n\t\t\t\t\t\t\t<div class=\"elementor-row\">\n\t\t\t\t\t<div class=\"elementor-column elementor-col-100 elementor-top-column elementor-element elementor-element-afa6fb4\" data-id=\"afa6fb4\" data-element_type=\"column\">\n\t\t\t<div class=\"elementor-column-wrap elementor-element-populated\">\n\t\t\t\t\t\t\t<div class=\"elementor-widget-wrap\">\n\t\t\t\t\t\t<div class=\"elementor-element elementor-element-4d8d3bc elementor-widget elementor-widget-text-editor\" data-id=\"4d8d3bc\" data-element_type=\"widget\" data-widget_type=\"text-editor.default\">\n\t\t\t\t<div class=\"elementor-widget-container\">\n\t\t\t\t\t\t\t\t<div class=\"elementor-text-editor elementor-clearfix\">\n\t\t\t\t<p>\u00c1LBUM &#8220;TRANSCRIA\u00c7\u00d5ES&#8221; &#8211; TRIO ARQU\u00c8<\/p><p>cliente BRAVA CULTURAL<\/p>\t\t\t\t\t<\/div>\n\t\t\t\t\t\t<\/div>\n\t\t\t\t<\/div>\n\t\t\t\t\t\t<\/div>\n\t\t\t\t\t<\/div>\n\t\t<\/div>\n\t\t\t\t\t\t\t\t<\/div>\n\t\t\t\t\t<\/div>\n\t\t<\/section>\n\t\t\t\t<section class=\"elementor-section elementor-top-section elementor-element elementor-element-d6bf67a elementor-section-boxed elementor-section-height-default elementor-section-height-default\" data-id=\"d6bf67a\" data-element_type=\"section\">\n\t\t\t\t\t\t<div class=\"elementor-container elementor-column-gap-default\">\n\t\t\t\t\t\t\t<div class=\"elementor-row\">\n\t\t\t\t\t<div class=\"elementor-column elementor-col-100 elementor-top-column elementor-element elementor-element-88822e5\" data-id=\"88822e5\" data-element_type=\"column\">\n\t\t\t<div class=\"elementor-column-wrap elementor-element-populated\">\n\t\t\t\t\t\t\t<div class=\"elementor-widget-wrap\">\n\t\t\t\t\t\t<div class=\"elementor-element elementor-element-ae96bf5 elementor-widget elementor-widget-text-editor\" data-id=\"ae96bf5\" data-element_type=\"widget\" data-widget_type=\"text-editor.default\">\n\t\t\t\t<div class=\"elementor-widget-container\">\n\t\t\t\t\t\t\t\t<div class=\"elementor-text-editor elementor-clearfix\">\n\t\t\t\t<p>Dire\u00e7\u00e3o de Arte e fotografia para o \u00e1lbum Transcria\u00e7\u00f5es do Trio Arqu\u00e9. A produ\u00e7\u00e3o \u00e9 da Dulce Maltez da Brava Cultural e fotografias de Gal Oppido.<\/p>\t\t\t\t\t<\/div>\n\t\t\t\t\t\t<\/div>\n\t\t\t\t<\/div>\n\t\t\t\t\t\t<\/div>\n\t\t\t\t\t<\/div>\n\t\t<\/div>\n\t\t\t\t\t\t\t\t<\/div>\n\t\t\t\t\t<\/div>\n\t\t<\/section>\n\t\t\t\t<section class=\"elementor-section elementor-top-section elementor-element elementor-element-d02ad3d elementor-section-boxed elementor-section-height-default elementor-section-height-default\" data-id=\"d02ad3d\" data-element_type=\"section\">\n\t\t\t\t\t\t<div class=\"elementor-container elementor-column-gap-default\">\n\t\t\t\t\t\t\t<div class=\"elementor-row\">\n\t\t\t\t\t<div class=\"elementor-column elementor-col-100 elementor-top-column elementor-element elementor-element-9b34d04\" data-id=\"9b34d04\" data-element_type=\"column\">\n\t\t\t<div class=\"elementor-column-wrap elementor-element-populated\">\n\t\t\t\t\t\t\t<div class=\"elementor-widget-wrap\">\n\t\t\t\t\t\t<div class=\"elementor-element elementor-element-6bb630c elementor-widget-divider--view-line elementor-widget elementor-widget-divider\" data-id=\"6bb630c\" data-element_type=\"widget\" data-widget_type=\"divider.default\">\n\t\t\t\t<div class=\"elementor-widget-container\">\n\t\t\t\t\t<div class=\"elementor-divider\">\n\t\t\t<span class=\"elementor-divider-separator\">\n\t\t\t\t\t\t<\/span>\n\t\t<\/div>\n\t\t\t\t<\/div>\n\t\t\t\t<\/div>\n\t\t\t\t\t\t<\/div>\n\t\t\t\t\t<\/div>\n\t\t<\/div>\n\t\t\t\t\t\t\t\t<\/div>\n\t\t\t\t\t<\/div>\n\t\t<\/section>\n\t\t\t\t<section class=\"elementor-section elementor-top-section elementor-element elementor-element-d3b85ed elementor-section-full_width elementor-section-stretched elementor-section-height-default elementor-section-height-default\" data-id=\"d3b85ed\" data-element_type=\"section\" data-settings=\"{&quot;stretch_section&quot;:&quot;section-stretched&quot;}\">\n\t\t\t\t\t\t<div class=\"elementor-container elementor-column-gap-default\">\n\t\t\t\t\t\t\t<div class=\"elementor-row\">\n\t\t\t\t\t<div class=\"elementor-column elementor-col-100 elementor-top-column elementor-element elementor-element-a9e0d8e\" data-id=\"a9e0d8e\" data-element_type=\"column\">\n\t\t\t<div class=\"elementor-column-wrap elementor-element-populated\">\n\t\t\t\t\t\t\t<div class=\"elementor-widget-wrap\">\n\t\t\t\t\t\t<div class=\"elementor-element elementor-element-3af5f66 elementor-widget elementor-widget-image\" data-id=\"3af5f66\" data-element_type=\"widget\" data-widget_type=\"image.default\">\n\t\t\t\t<div class=\"elementor-widget-container\">\n\t\t\t\t\t\t\t\t<div class=\"elementor-image\">\n\t\t\t\t\t\t\t\t\t<figure class=\"wp-caption\">\n\t\t\t\t\t\t\t\t\t\t<img width=\"1080\" height=\"810\" src=\"https:\/\/npdesign.com.br\/wp-content\/uploads\/2026\/02\/capa.jpg\" class=\"attachment-1536x1536 size-1536x1536 wp-image-2391\" alt=\"\" loading=\"lazy\" srcset=\"https:\/\/npdesign.com.br\/wp-content\/uploads\/2026\/02\/capa.jpg 1080w, https:\/\/npdesign.com.br\/wp-content\/uploads\/2026\/02\/capa-300x225.jpg 300w, https:\/\/npdesign.com.br\/wp-content\/uploads\/2026\/02\/capa-1024x768.jpg 1024w, https:\/\/npdesign.com.br\/wp-content\/uploads\/2026\/02\/capa-768x576.jpg 768w, https:\/\/npdesign.com.br\/wp-content\/uploads\/2026\/02\/capa-520x390.jpg 520w, https:\/\/npdesign.com.br\/wp-content\/uploads\/2026\/02\/capa-940x705.jpg 940w\" sizes=\"(max-width: 1080px) 100vw, 1080px\" \/>\t\t\t\t\t\t\t\t\t\t\t<figcaption class=\"widget-image-caption wp-caption-text\">\u00c1LBUM TRANSCRIA\u00c7\u00d5ES<\/figcaption>\n\t\t\t\t\t\t\t\t\t\t<\/figure>\n\t\t\t\t\t\t\t\t<\/div>\n\t\t\t\t\t\t<\/div>\n\t\t\t\t<\/div>\n\t\t\t\t\t\t<\/div>\n\t\t\t\t\t<\/div>\n\t\t<\/div>\n\t\t\t\t\t\t\t\t<\/div>\n\t\t\t\t\t<\/div>\n\t\t<\/section>\n\t\t\t\t<section class=\"elementor-section elementor-top-section elementor-element elementor-element-5b9511e elementor-section-full_width elementor-section-stretched elementor-section-height-default elementor-section-height-default\" data-id=\"5b9511e\" data-element_type=\"section\" data-settings=\"{&quot;stretch_section&quot;:&quot;section-stretched&quot;}\">\n\t\t\t\t\t\t<div class=\"elementor-container elementor-column-gap-default\">\n\t\t\t\t\t\t\t<div class=\"elementor-row\">\n\t\t\t\t\t<div class=\"elementor-column elementor-col-100 elementor-top-column elementor-element elementor-element-611f8d5\" data-id=\"611f8d5\" data-element_type=\"column\">\n\t\t\t<div class=\"elementor-column-wrap elementor-element-populated\">\n\t\t\t\t\t\t\t<div class=\"elementor-widget-wrap\">\n\t\t\t\t\t\t<div class=\"elementor-element elementor-element-180376c elementor-widget elementor-widget-image\" data-id=\"180376c\" data-element_type=\"widget\" data-widget_type=\"image.default\">\n\t\t\t\t<div class=\"elementor-widget-container\">\n\t\t\t\t\t\t\t\t<div class=\"elementor-image\">\n\t\t\t\t\t\t\t\t\t<figure class=\"wp-caption\">\n\t\t\t\t\t\t\t\t\t\t<img width=\"1080\" height=\"810\" src=\"https:\/\/npdesign.com.br\/wp-content\/uploads\/2026\/02\/verso-capa.jpg\" class=\"attachment-1536x1536 size-1536x1536 wp-image-2395\" alt=\"\" loading=\"lazy\" srcset=\"https:\/\/npdesign.com.br\/wp-content\/uploads\/2026\/02\/verso-capa.jpg 1080w, https:\/\/npdesign.com.br\/wp-content\/uploads\/2026\/02\/verso-capa-300x225.jpg 300w, https:\/\/npdesign.com.br\/wp-content\/uploads\/2026\/02\/verso-capa-1024x768.jpg 1024w, https:\/\/npdesign.com.br\/wp-content\/uploads\/2026\/02\/verso-capa-768x576.jpg 768w, https:\/\/npdesign.com.br\/wp-content\/uploads\/2026\/02\/verso-capa-520x390.jpg 520w, https:\/\/npdesign.com.br\/wp-content\/uploads\/2026\/02\/verso-capa-940x705.jpg 940w\" sizes=\"(max-width: 1080px) 100vw, 1080px\" \/>\t\t\t\t\t\t\t\t\t\t\t<figcaption class=\"widget-image-caption wp-caption-text\">\u00c1LBUM TRANSCRIA\u00c7\u00d5ES<\/figcaption>\n\t\t\t\t\t\t\t\t\t\t<\/figure>\n\t\t\t\t\t\t\t\t<\/div>\n\t\t\t\t\t\t<\/div>\n\t\t\t\t<\/div>\n\t\t\t\t<div class=\"elementor-element elementor-element-33e6068 elementor-widget elementor-widget-image\" data-id=\"33e6068\" data-element_type=\"widget\" data-widget_type=\"image.default\">\n\t\t\t\t<div class=\"elementor-widget-container\">\n\t\t\t\t\t\t\t\t<div class=\"elementor-image\">\n\t\t\t\t\t\t\t\t\t<figure class=\"wp-caption\">\n\t\t\t\t\t\t\t\t\t\t<img width=\"1080\" height=\"810\" src=\"https:\/\/npdesign.com.br\/wp-content\/uploads\/2026\/02\/miolo-2.jpg\" class=\"attachment-1536x1536 size-1536x1536 wp-image-2402\" alt=\"\" loading=\"lazy\" srcset=\"https:\/\/npdesign.com.br\/wp-content\/uploads\/2026\/02\/miolo-2.jpg 1080w, https:\/\/npdesign.com.br\/wp-content\/uploads\/2026\/02\/miolo-2-300x225.jpg 300w, https:\/\/npdesign.com.br\/wp-content\/uploads\/2026\/02\/miolo-2-1024x768.jpg 1024w, https:\/\/npdesign.com.br\/wp-content\/uploads\/2026\/02\/miolo-2-768x576.jpg 768w, https:\/\/npdesign.com.br\/wp-content\/uploads\/2026\/02\/miolo-2-520x390.jpg 520w, https:\/\/npdesign.com.br\/wp-content\/uploads\/2026\/02\/miolo-2-940x705.jpg 940w\" sizes=\"(max-width: 1080px) 100vw, 1080px\" \/>\t\t\t\t\t\t\t\t\t\t\t<figcaption class=\"widget-image-caption wp-caption-text\">\u00c1LBUM TRANSCRIA\u00c7\u00d5ES<\/figcaption>\n\t\t\t\t\t\t\t\t\t\t<\/figure>\n\t\t\t\t\t\t\t\t<\/div>\n\t\t\t\t\t\t<\/div>\n\t\t\t\t<\/div>\n\t\t\t\t<div class=\"elementor-element elementor-element-4e441dc elementor-widget elementor-widget-image\" data-id=\"4e441dc\" data-element_type=\"widget\" data-widget_type=\"image.default\">\n\t\t\t\t<div class=\"elementor-widget-container\">\n\t\t\t\t\t\t\t\t<div class=\"elementor-image\">\n\t\t\t\t\t\t\t\t\t<figure class=\"wp-caption\">\n\t\t\t\t\t\t\t\t\t\t<img width=\"1080\" height=\"810\" src=\"https:\/\/npdesign.com.br\/wp-content\/uploads\/2026\/02\/miolo.jpg\" class=\"attachment-1536x1536 size-1536x1536 wp-image-2406\" alt=\"\" loading=\"lazy\" srcset=\"https:\/\/npdesign.com.br\/wp-content\/uploads\/2026\/02\/miolo.jpg 1080w, https:\/\/npdesign.com.br\/wp-content\/uploads\/2026\/02\/miolo-300x225.jpg 300w, https:\/\/npdesign.com.br\/wp-content\/uploads\/2026\/02\/miolo-1024x768.jpg 1024w, https:\/\/npdesign.com.br\/wp-content\/uploads\/2026\/02\/miolo-768x576.jpg 768w, https:\/\/npdesign.com.br\/wp-content\/uploads\/2026\/02\/miolo-520x390.jpg 520w, https:\/\/npdesign.com.br\/wp-content\/uploads\/2026\/02\/miolo-940x705.jpg 940w\" sizes=\"(max-width: 1080px) 100vw, 1080px\" \/>\t\t\t\t\t\t\t\t\t\t\t<figcaption class=\"widget-image-caption wp-caption-text\">\u00c1LBUM TRANSCRIA\u00c7\u00d5ES<\/figcaption>\n\t\t\t\t\t\t\t\t\t\t<\/figure>\n\t\t\t\t\t\t\t\t<\/div>\n\t\t\t\t\t\t<\/div>\n\t\t\t\t<\/div>\n\t\t\t\t<div class=\"elementor-element elementor-element-8adca39 elementor-widget elementor-widget-image\" data-id=\"8adca39\" data-element_type=\"widget\" data-widget_type=\"image.default\">\n\t\t\t\t<div class=\"elementor-widget-container\">\n\t\t\t\t\t\t\t\t<div class=\"elementor-image\">\n\t\t\t\t\t\t\t\t\t<figure class=\"wp-caption\">\n\t\t\t\t\t\t\t\t\t\t<img width=\"1080\" height=\"810\" src=\"https:\/\/npdesign.com.br\/wp-content\/uploads\/2026\/02\/cd.jpg\" class=\"attachment-1536x1536 size-1536x1536 wp-image-2410\" alt=\"\" loading=\"lazy\" srcset=\"https:\/\/npdesign.com.br\/wp-content\/uploads\/2026\/02\/cd.jpg 1080w, https:\/\/npdesign.com.br\/wp-content\/uploads\/2026\/02\/cd-300x225.jpg 300w, https:\/\/npdesign.com.br\/wp-content\/uploads\/2026\/02\/cd-1024x768.jpg 1024w, https:\/\/npdesign.com.br\/wp-content\/uploads\/2026\/02\/cd-768x576.jpg 768w, https:\/\/npdesign.com.br\/wp-content\/uploads\/2026\/02\/cd-520x390.jpg 520w, https:\/\/npdesign.com.br\/wp-content\/uploads\/2026\/02\/cd-940x705.jpg 940w\" sizes=\"(max-width: 1080px) 100vw, 1080px\" \/>\t\t\t\t\t\t\t\t\t\t\t<figcaption class=\"widget-image-caption wp-caption-text\">\u00c1LBUM TRANSCRIA\u00c7\u00d5ES<\/figcaption>\n\t\t\t\t\t\t\t\t\t\t<\/figure>\n\t\t\t\t\t\t\t\t<\/div>\n\t\t\t\t\t\t<\/div>\n\t\t\t\t<\/div>\n\t\t\t\t<div class=\"elementor-element elementor-element-aeccb30 elementor-widget elementor-widget-image\" data-id=\"aeccb30\" data-element_type=\"widget\" data-widget_type=\"image.default\">\n\t\t\t\t<div class=\"elementor-widget-container\">\n\t\t\t\t\t\t\t\t<div class=\"elementor-image\">\n\t\t\t\t\t\t\t\t\t<figure class=\"wp-caption\">\n\t\t\t\t\t\t\t\t\t\t<img width=\"1080\" height=\"810\" src=\"https:\/\/npdesign.com.br\/wp-content\/uploads\/2026\/02\/imagens.jpg\" class=\"attachment-1536x1536 size-1536x1536 wp-image-2414\" alt=\"\" loading=\"lazy\" srcset=\"https:\/\/npdesign.com.br\/wp-content\/uploads\/2026\/02\/imagens.jpg 1080w, https:\/\/npdesign.com.br\/wp-content\/uploads\/2026\/02\/imagens-300x225.jpg 300w, https:\/\/npdesign.com.br\/wp-content\/uploads\/2026\/02\/imagens-1024x768.jpg 1024w, https:\/\/npdesign.com.br\/wp-content\/uploads\/2026\/02\/imagens-768x576.jpg 768w, https:\/\/npdesign.com.br\/wp-content\/uploads\/2026\/02\/imagens-520x390.jpg 520w, https:\/\/npdesign.com.br\/wp-content\/uploads\/2026\/02\/imagens-940x705.jpg 940w\" sizes=\"(max-width: 1080px) 100vw, 1080px\" \/>\t\t\t\t\t\t\t\t\t\t\t<figcaption class=\"widget-image-caption wp-caption-text\">\u00c1LBUM TRANSCRIA\u00c7\u00d5ES<\/figcaption>\n\t\t\t\t\t\t\t\t\t\t<\/figure>\n\t\t\t\t\t\t\t\t<\/div>\n\t\t\t\t\t\t<\/div>\n\t\t\t\t<\/div>\n\t\t\t\t\t\t<\/div>\n\t\t\t\t\t<\/div>\n\t\t<\/div>\n\t\t\t\t\t\t\t\t<\/div>\n\t\t\t\t\t<\/div>\n\t\t<\/section>\n\t\t\t\t\t\t\t\t\t<\/div>\n\t\t\t<\/div>\n\t\t\t\t\t<\/div>\n\t\t","protected":false},"excerpt":{"rendered":"<p>\u00c1LBUM &#8220;TRANSCRIA\u00c7\u00d5ES&#8221; &#8211; TRIO ARQU\u00c8 cliente BRAVA CULTURAL Dire\u00e7\u00e3o de Arte e fotografia para o \u00e1lbum Transcria\u00e7\u00f5es do Trio Arqu\u00e9. A produ\u00e7\u00e3o \u00e9 da Dulce Maltez da Brava Cultural e fotografias de Gal Oppido. \u00c1LBUM TRANSCRIA\u00c7\u00d5ES \u00c1LBUM TRANSCRIA\u00c7\u00d5ES \u00c1LBUM TRANSCRIA\u00c7\u00d5ES \u00c1LBUM TRANSCRIA\u00c7\u00d5ES \u00c1LBUM TRANSCRIA\u00c7\u00d5ES \u00c1LBUM TRANSCRIA\u00c7\u00d5ES<\/p>\n","protected":false},"author":1,"featured_media":0,"parent":0,"menu_order":0,"comment_status":"closed","ping_status":"closed","template":"","meta":[],"_links":{"self":[{"href":"https:\/\/npdesign.com.br\/index.php?rest_route=\/wp\/v2\/pages\/2376"}],"collection":[{"href":"https:\/\/npdesign.com.br\/index.php?rest_route=\/wp\/v2\/pages"}],"about":[{"href":"https:\/\/npdesign.com.br\/index.php?rest_route=\/wp\/v2\/types\/page"}],"author":[{"embeddable":true,"href":"https:\/\/npdesign.com.br\/index.php?rest_route=\/wp\/v2\/users\/1"}],"replies":[{"embeddable":true,"href":"https:\/\/npdesign.com.br\/index.php?rest_route=%2Fwp%2Fv2%2Fcomments&post=2376"}],"version-history":[{"count":25,"href":"https:\/\/npdesign.com.br\/index.php?rest_route=\/wp\/v2\/pages\/2376\/revisions"}],"predecessor-version":[{"id":2417,"href":"https:\/\/npdesign.com.br\/index.php?rest_route=\/wp\/v2\/pages\/2376\/revisions\/2417"}],"wp:attachment":[{"href":"https:\/\/npdesign.com.br\/index.php?rest_route=%2Fwp%2Fv2%2Fmedia&parent=2376"}],"curies":[{"name":"wp","href":"https:\/\/api.w.org\/{rel}","templated":true}]}}